{"id":77,"date":"2024-10-24T00:03:56","date_gmt":"2024-10-24T00:03:56","guid":{"rendered":"https:\/\/cfh.com.mx\/?page_id=77"},"modified":"2024-11-09T16:55:54","modified_gmt":"2024-11-09T16:55:54","slug":"nuestras-presentaciones","status":"publish","type":"page","link":"https:\/\/cfh.com.mx\/en\/nuestras-presentaciones\/","title":{"rendered":"Nuestras presentaciones"},"content":{"rendered":"<p>[et_pb_section fb_built=\u00bb1&#8243; _builder_version=\u00bb4.27.2&#8243; _module_preset=\u00bbdefault\u00bb background_color=\u00bb#f1eae7&#8243; background_enable_image=\u00bboff\u00bb background_size=\u00bbinitial\u00bb background_position=\u00bbcenter_right\u00bb background_last_edited=\u00bbon|phone\u00bb background_enable_image_tablet=\u00bboff\u00bb background_enable_image_phone=\u00bboff\u00bb background_size_phone=\u00bbcontain\u00bb background_position_phone=\u00bbcenter\u00bb background_blend_phone=\u00bbnormal\u00bb global_colors_info=\u00bb{}\u00bb][et_pb_row column_structure=\u00bb1_2,1_2&#8243; use_custom_gutter=\u00bbon\u00bb gutter_width=\u00bb2&#8243; _builder_version=\u00bb4.27.2&#8243; _module_preset=\u00bbdefault\u00bb width_tablet=\u00bb100%\u00bb width_phone=\u00bb80%\u00bb width_last_edited=\u00bboff|tablet\u00bb max_width_phone=\u00bb800px\u00bb max_width_last_edited=\u00bboff|tablet\u00bb custom_margin=\u00bb||||false|false\u00bb module_alignment_tablet=\u00bbleft\u00bb module_alignment_phone=\u00bbcenter\u00bb module_alignment_last_edited=\u00bboff|desktop\u00bb global_colors_info=\u00bb{}\u00bb][et_pb_column type=\u00bb1_2&#8243; _builder_version=\u00bb4.27.2&#8243; _module_preset=\u00bbdefault\u00bb global_colors_info=\u00bb{}\u00bb][et_pb_text _builder_version=\u00bb4.27.2&#8243; _module_preset=\u00bbdefault\u00bb text_text_color=\u00bb#000000&#8243; text_font_size=\u00bb29px\u00bb text_line_height=\u00bb1em\u00bb header_font=\u00bb|700|||||||\u00bb header_text_align=\u00bbleft\u00bb header_text_color=\u00bb#000000&#8243; header_font_size=\u00bb44px\u00bb custom_padding=\u00bb||||false|false\u00bb custom_padding_tablet=\u00bb|||80px|false|false\u00bb custom_padding_phone=\u00bb|||0px|false|false\u00bb custom_padding_last_edited=\u00bboff|tablet\u00bb header_font_size_tablet=\u00bb44px\u00bb header_font_size_phone=\u00bb24px\u00bb header_font_size_last_edited=\u00bbon|desktop\u00bb module_alignment_tablet=\u00bb\u00bb module_alignment_phone=\u00bbcenter\u00bb module_alignment_last_edited=\u00bbon|phone\u00bb global_colors_info=\u00bb{}\u00bb]<\/p>\n<h1>OUR CUSTOMIZED PRESENTATIONS<\/h1>\n<p>[\/et_pb_text][et_pb_text _builder_version=\u00bb4.27.2&#8243; _module_preset=\u00bbdefault\u00bb text_text_color=\u00bb#000000&#8243; text_font_size=\u00bb21px\u00bb text_line_height=\u00bb1.8em\u00bb text_orientation=\u00bbjustified\u00bb custom_padding=\u00bb||||false|false\u00bb custom_padding_tablet=\u00bb|||80px|false|false\u00bb custom_padding_phone=\u00bb|||0px|false|false\u00bb custom_padding_last_edited=\u00bboff|tablet\u00bb text_font_size_tablet=\u00bb21px\u00bb text_font_size_phone=\u00bb15px\u00bb text_font_size_last_edited=\u00bbon|phone\u00bb text_line_height_tablet=\u00bb1.8em\u00bb text_line_height_phone=\u00bb1.5em\u00bb text_line_height_last_edited=\u00bbon|phone\u00bb text_orientation_tablet=\u00bbjustified\u00bb text_orientation_phone=\u00bbjustified\u00bb text_orientation_last_edited=\u00bbon|phone\u00bb module_alignment_tablet=\u00bb\u00bb module_alignment_phone=\u00bb\u00bb module_alignment_last_edited=\u00bbon|phone\u00bb global_colors_info=\u00bb{}\u00bb]<\/p>\n<p>In addition to the emblematic bottles of the products we handle, we also offer containers with original handcrafted designs, glass bottles with a touch of ceramic appearance hand painted by Mexican artisans from Tonal\u00e1, Jalisco.<\/p>\n<p>[\/et_pb_text][et_pb_text _builder_version=\u00bb4.27.2&#8243; _module_preset=\u00bbdefault\u00bb text_text_color=\u00bb#000000&#8243; text_font_size=\u00bb21px\u00bb text_line_height=\u00bb1.8em\u00bb text_orientation=\u00bbjustified\u00bb custom_padding=\u00bb||||false|false\u00bb custom_padding_tablet=\u00bb|||80px|false|false\u00bb custom_padding_phone=\u00bb|||0px|false|false\u00bb custom_padding_last_edited=\u00bboff|tablet\u00bb text_font_size_tablet=\u00bb21px\u00bb text_font_size_phone=\u00bb15px\u00bb text_font_size_last_edited=\u00bbon|tablet\u00bb text_line_height_tablet=\u00bb1.8em\u00bb text_line_height_phone=\u00bb1.5em\u00bb text_line_height_last_edited=\u00bbon|phone\u00bb global_colors_info=\u00bb{}\u00bb]<\/p>\n<p>Within this offer, there is the line of personalized bottles for events, gifts or moments that merit it.<\/p>\n<p>[\/et_pb_text][\/et_pb_column][et_pb_column type=\u00bb1_2&#8243; _builder_version=\u00bb4.27.2&#8243; _module_preset=\u00bbdefault\u00bb global_colors_info=\u00bb{}\u00bb][et_pb_gallery gallery_ids=\u00bb456,457,458,459,460,461,462,463,464,465,466,467,468,469,470,471,472,473,474,475,476,477,478,479,480,481&#8243; fullwidth=\u00bbon\u00bb _builder_version=\u00bb4.27.2&#8243; _module_preset=\u00bbdefault\u00bb module_alignment=\u00bbcenter\u00bb auto=\u00bbon\u00bb hover_enabled=\u00bb0&#8243; global_colors_info=\u00bb{}\u00bb sticky_enabled=\u00bb0&#8243;][\/et_pb_gallery][et_pb_image src=\u00bbhttps:\/\/cfh.com.mx\/wp-content\/uploads\/2024\/11\/fondo-presentaciones.png\u00bb title_text=\u00bbfondo-presentaciones\u00bb align=\u00bbcenter\u00bb _builder_version=\u00bb4.27.2&#8243; _module_preset=\u00bbdefault\u00bb background_color=\u00bb#2c3e36&#8243; global_colors_info=\u00bb{}\u00bb][\/et_pb_image][\/et_pb_column][\/et_pb_row][\/et_pb_section]<\/p>","protected":false},"excerpt":{"rendered":"<p>NUESTRAS PRESENTACIONES PERSONALIZADASAdem\u00e1s de las botellas emblem\u00e1ticas propias de los productos que manejamos, ofrecemos tambi\u00e9n envases de dise\u00f1os originales de cuna artesanal, botellas de vidrio con un toque de apariencia en cer\u00e1mica pintadas a mano por artesanos mexicanos de Tonala, Jalisco.Dentro de esta oferta, se encuentra la l\u00ednea de botellas personalizadas para eventos, regalos o [&hellip;]<\/p>","protected":false},"author":1,"featured_media":0,"parent":0,"menu_order":0,"comment_status":"closed","ping_status":"closed","template":"","meta":{"_et_pb_use_builder":"on","_et_pb_old_content":"","_et_gb_content_width":"","_monsterinsights_skip_tracking":false,"_monsterinsights_sitenote_active":false,"_monsterinsights_sitenote_note":"","_monsterinsights_sitenote_category":0,"_joinchat":[],"footnotes":""},"class_list":["post-77","page","type-page","status-publish","hentry"],"yoast_head":"<!-- This site is optimized with the Yoast SEO plugin v23.8 - https:\/\/yoast.com\/wordpress\/plugins\/seo\/ -->\n<title>Nuestras presentaciones - COMERCIALIZADORA FELIX HUATO<\/title>\n<meta name=\"robots\" content=\"index, follow, max-snippet:-1, max-image-preview:large, max-video-preview:-1\" \/>\n<link rel=\"canonical\" href=\"https:\/\/cfh.com.mx\/en\/nuestras-presentaciones\/\" \/>\n<meta property=\"og:locale\" content=\"en_US\" \/>\n<meta property=\"og:type\" content=\"article\" \/>\n<meta property=\"og:title\" content=\"Nuestras presentaciones - COMERCIALIZADORA FELIX HUATO\" \/>\n<meta property=\"og:description\" content=\"NUESTRAS PRESENTACIONES PERSONALIZADASAdem\u00e1s de las botellas emblem\u00e1ticas propias de los productos que manejamos, ofrecemos tambi\u00e9n envases de dise\u00f1os originales de cuna artesanal, botellas de vidrio con un toque de apariencia en cer\u00e1mica pintadas a mano por artesanos mexicanos de Tonala, Jalisco.Dentro de esta oferta, se encuentra la l\u00ednea de botellas personalizadas para eventos, regalos o [&hellip;]\" \/>\n<meta property=\"og:url\" content=\"https:\/\/cfh.com.mx\/en\/nuestras-presentaciones\/\" \/>\n<meta property=\"og:site_name\" content=\"COMERCIALIZADORA FELIX HUATO\" \/>\n<meta property=\"article:modified_time\" content=\"2024-11-09T16:55:54+00:00\" \/>\n<meta name=\"twitter:card\" content=\"summary_large_image\" \/>\n<meta name=\"twitter:label1\" content=\"Est. reading time\" \/>\n\t<meta name=\"twitter:data1\" content=\"3 minutes\" \/>\n<script type=\"application\/ld+json\" class=\"yoast-schema-graph\">{\"@context\":\"https:\/\/schema.org\",\"@graph\":[{\"@type\":\"WebPage\",\"@id\":\"https:\/\/cfh.com.mx\/nuestras-presentaciones\/\",\"url\":\"https:\/\/cfh.com.mx\/nuestras-presentaciones\/\",\"name\":\"Nuestras presentaciones - COMERCIALIZADORA FELIX HUATO\",\"isPartOf\":{\"@id\":\"https:\/\/cfh.com.mx\/en\/#website\"},\"datePublished\":\"2024-10-24T00:03:56+00:00\",\"dateModified\":\"2024-11-09T16:55:54+00:00\",\"breadcrumb\":{\"@id\":\"https:\/\/cfh.com.mx\/nuestras-presentaciones\/#breadcrumb\"},\"inLanguage\":\"en-US\",\"potentialAction\":[{\"@type\":\"ReadAction\",\"target\":[\"https:\/\/cfh.com.mx\/nuestras-presentaciones\/\"]}]},{\"@type\":\"BreadcrumbList\",\"@id\":\"https:\/\/cfh.com.mx\/nuestras-presentaciones\/#breadcrumb\",\"itemListElement\":[{\"@type\":\"ListItem\",\"position\":1,\"name\":\"Portada\",\"item\":\"https:\/\/cfh.com.mx\/\"},{\"@type\":\"ListItem\",\"position\":2,\"name\":\"Nuestras presentaciones\"}]},{\"@type\":\"WebSite\",\"@id\":\"https:\/\/cfh.com.mx\/en\/#website\",\"url\":\"https:\/\/cfh.com.mx\/en\/\",\"name\":\"COMERCIALIZADORA FELIX HUATO\",\"description\":\"CFH - Comercializadora\",\"publisher\":{\"@id\":\"https:\/\/cfh.com.mx\/en\/#organization\"},\"potentialAction\":[{\"@type\":\"SearchAction\",\"target\":{\"@type\":\"EntryPoint\",\"urlTemplate\":\"https:\/\/cfh.com.mx\/en\/?s={search_term_string}\"},\"query-input\":{\"@type\":\"PropertyValueSpecification\",\"valueRequired\":true,\"valueName\":\"search_term_string\"}}],\"inLanguage\":\"en-US\"},{\"@type\":\"Organization\",\"@id\":\"https:\/\/cfh.com.mx\/en\/#organization\",\"name\":\"COMERCIALIZADORA FELIX HUATO\",\"url\":\"https:\/\/cfh.com.mx\/en\/\",\"logo\":{\"@type\":\"ImageObject\",\"inLanguage\":\"en-US\",\"@id\":\"https:\/\/cfh.com.mx\/en\/#\/schema\/logo\/image\/\",\"url\":\"https:\/\/cfh.com.mx\/wp-content\/uploads\/2024\/10\/comercializadora-felix-huato.png\",\"contentUrl\":\"https:\/\/cfh.com.mx\/wp-content\/uploads\/2024\/10\/comercializadora-felix-huato.png\",\"width\":163,\"height\":125,\"caption\":\"COMERCIALIZADORA FELIX HUATO\"},\"image\":{\"@id\":\"https:\/\/cfh.com.mx\/en\/#\/schema\/logo\/image\/\"}}]}<\/script>\n<!-- \/ Yoast SEO plugin. -->","yoast_head_json":{"title":"Nuestras presentaciones - COMERCIALIZADORA FELIX HUATO","robots":{"index":"index","follow":"follow","max-snippet":"max-snippet:-1","max-image-preview":"max-image-preview:large","max-video-preview":"max-video-preview:-1"},"canonical":"https:\/\/cfh.com.mx\/en\/nuestras-presentaciones\/","og_locale":"en_US","og_type":"article","og_title":"Nuestras presentaciones - COMERCIALIZADORA FELIX HUATO","og_description":"NUESTRAS PRESENTACIONES PERSONALIZADASAdem\u00e1s de las botellas emblem\u00e1ticas propias de los productos que manejamos, ofrecemos tambi\u00e9n envases de dise\u00f1os originales de cuna artesanal, botellas de vidrio con un toque de apariencia en cer\u00e1mica pintadas a mano por artesanos mexicanos de Tonala, Jalisco.Dentro de esta oferta, se encuentra la l\u00ednea de botellas personalizadas para eventos, regalos o [&hellip;]","og_url":"https:\/\/cfh.com.mx\/en\/nuestras-presentaciones\/","og_site_name":"COMERCIALIZADORA FELIX HUATO","article_modified_time":"2024-11-09T16:55:54+00:00","twitter_card":"summary_large_image","twitter_misc":{"Est. reading time":"3 minutes"},"schema":{"@context":"https:\/\/schema.org","@graph":[{"@type":"WebPage","@id":"https:\/\/cfh.com.mx\/nuestras-presentaciones\/","url":"https:\/\/cfh.com.mx\/nuestras-presentaciones\/","name":"Nuestras presentaciones - COMERCIALIZADORA FELIX HUATO","isPartOf":{"@id":"https:\/\/cfh.com.mx\/en\/#website"},"datePublished":"2024-10-24T00:03:56+00:00","dateModified":"2024-11-09T16:55:54+00:00","breadcrumb":{"@id":"https:\/\/cfh.com.mx\/nuestras-presentaciones\/#breadcrumb"},"inLanguage":"en-US","potentialAction":[{"@type":"ReadAction","target":["https:\/\/cfh.com.mx\/nuestras-presentaciones\/"]}]},{"@type":"BreadcrumbList","@id":"https:\/\/cfh.com.mx\/nuestras-presentaciones\/#breadcrumb","itemListElement":[{"@type":"ListItem","position":1,"name":"Portada","item":"https:\/\/cfh.com.mx\/"},{"@type":"ListItem","position":2,"name":"Nuestras presentaciones"}]},{"@type":"WebSite","@id":"https:\/\/cfh.com.mx\/en\/#website","url":"https:\/\/cfh.com.mx\/en\/","name":"COMERCIALIZADORA FELIX HUATO","description":"CFH - Comercializadora","publisher":{"@id":"https:\/\/cfh.com.mx\/en\/#organization"},"potentialAction":[{"@type":"SearchAction","target":{"@type":"EntryPoint","urlTemplate":"https:\/\/cfh.com.mx\/en\/?s={search_term_string}"},"query-input":{"@type":"PropertyValueSpecification","valueRequired":true,"valueName":"search_term_string"}}],"inLanguage":"en-US"},{"@type":"Organization","@id":"https:\/\/cfh.com.mx\/en\/#organization","name":"COMERCIALIZADORA FELIX HUATO","url":"https:\/\/cfh.com.mx\/en\/","logo":{"@type":"ImageObject","inLanguage":"en-US","@id":"https:\/\/cfh.com.mx\/en\/#\/schema\/logo\/image\/","url":"https:\/\/cfh.com.mx\/wp-content\/uploads\/2024\/10\/comercializadora-felix-huato.png","contentUrl":"https:\/\/cfh.com.mx\/wp-content\/uploads\/2024\/10\/comercializadora-felix-huato.png","width":163,"height":125,"caption":"COMERCIALIZADORA FELIX HUATO"},"image":{"@id":"https:\/\/cfh.com.mx\/en\/#\/schema\/logo\/image\/"}}]}},"_links":{"self":[{"href":"https:\/\/cfh.com.mx\/en\/wp-json\/wp\/v2\/pages\/77","targetHints":{"allow":["GET"]}}],"collection":[{"href":"https:\/\/cfh.com.mx\/en\/wp-json\/wp\/v2\/pages"}],"about":[{"href":"https:\/\/cfh.com.mx\/en\/wp-json\/wp\/v2\/types\/page"}],"author":[{"embeddable":true,"href":"https:\/\/cfh.com.mx\/en\/wp-json\/wp\/v2\/users\/1"}],"replies":[{"embeddable":true,"href":"https:\/\/cfh.com.mx\/en\/wp-json\/wp\/v2\/comments?post=77"}],"version-history":[{"count":20,"href":"https:\/\/cfh.com.mx\/en\/wp-json\/wp\/v2\/pages\/77\/revisions"}],"predecessor-version":[{"id":570,"href":"https:\/\/cfh.com.mx\/en\/wp-json\/wp\/v2\/pages\/77\/revisions\/570"}],"wp:attachment":[{"href":"https:\/\/cfh.com.mx\/en\/wp-json\/wp\/v2\/media?parent=77"}],"curies":[{"name":"wp","href":"https:\/\/api.w.org\/{rel}","templated":true}]}}