{"id":538,"date":"2024-11-08T19:58:47","date_gmt":"2024-11-08T19:58:47","guid":{"rendered":"https:\/\/cfh.com.mx\/?page_id=538"},"modified":"2024-11-09T17:03:59","modified_gmt":"2024-11-09T17:03:59","slug":"acerca-de-nosotros","status":"publish","type":"page","link":"https:\/\/cfh.com.mx\/en\/acerca-de-nosotros\/","title":{"rendered":"Acerca de nosotros"},"content":{"rendered":"<p>[et_pb_section fb_built=\u00bb1&#8243; _builder_version=\u00bb4.27.2&#8243; _module_preset=\u00bbdefault\u00bb background_color=\u00bb#f1eae7&#8243; background_enable_image=\u00bboff\u00bb background_size=\u00bbinitial\u00bb background_position=\u00bbtop_left\u00bb custom_margin=\u00bb0px||||false|false\u00bb custom_padding=\u00bb0px||||false|false\u00bb background_last_edited=\u00bbon|desktop\u00bb background_enable_image_phone=\u00bboff\u00bb background_size_phone=\u00bbcontain\u00bb background_position_phone=\u00bbcenter\u00bb background_blend_phone=\u00bbnormal\u00bb global_colors_info=\u00bb{}\u00bb][et_pb_row column_structure=\u00bb1_2,1_2&#8243; use_custom_gutter=\u00bbon\u00bb gutter_width=\u00bb2&#8243; custom_padding_last_edited=\u00bbon|phone\u00bb _builder_version=\u00bb4.27.2&#8243; _module_preset=\u00bbdefault\u00bb module_alignment=\u00bbcenter\u00bb custom_margin=\u00bb||||false|false\u00bb custom_padding=\u00bb||||false|false\u00bb custom_padding_tablet=\u00bb0px|400px|||false|false\u00bb custom_padding_phone=\u00bb|0px|||false|false\u00bb module_alignment_tablet=\u00bbright\u00bb module_alignment_phone=\u00bbcenter\u00bb module_alignment_last_edited=\u00bbon|phone\u00bb global_colors_info=\u00bb{}\u00bb][et_pb_column type=\u00bb1_2&#8243; _builder_version=\u00bb4.27.2&#8243; _module_preset=\u00bbdefault\u00bb custom_padding=\u00bb||||false|false\u00bb global_colors_info=\u00bb{}\u00bb][et_pb_image src=\u00bbhttps:\/\/cfh.com.mx\/wp-content\/uploads\/2024\/10\/quienes-somos.jpg\u00bb title_text=\u00bbquienes somos\u00bb _builder_version=\u00bb4.27.2&#8243; _module_preset=\u00bbdefault\u00bb module_alignment=\u00bbcenter\u00bb custom_margin=\u00bb-27px||||false|false\u00bb custom_padding=\u00bb0px||||false|false\u00bb global_colors_info=\u00bb{}\u00bb][\/et_pb_image][\/et_pb_column][et_pb_column type=\u00bb1_2&#8243; _builder_version=\u00bb4.27.2&#8243; _module_preset=\u00bbdefault\u00bb global_colors_info=\u00bb{}\u00bb][et_pb_text _builder_version=\u00bb4.27.2&#8243; _module_preset=\u00bbdefault\u00bb text_text_color=\u00bb#000000&#8243; text_font_size=\u00bb29px\u00bb text_line_height=\u00bb1em\u00bb header_font=\u00bb|700|||||||\u00bb header_text_align=\u00bbcenter\u00bb header_text_color=\u00bb#f1eae7&#8243; header_font_size=\u00bb50px\u00bb background_color=\u00bb#2c3e36&#8243; text_orientation=\u00bbcenter\u00bb custom_margin=\u00bb-24px|80px|||false|false\u00bb custom_margin_tablet=\u00bb-24px|80px|||false|false\u00bb custom_margin_phone=\u00bb|0px|||false|false\u00bb custom_margin_last_edited=\u00bbon|phone\u00bb custom_padding=\u00bb60px||74px||false|false\u00bb header_font_size_tablet=\u00bb62px\u00bb header_font_size_phone=\u00bb34px\u00bb header_font_size_last_edited=\u00bbon|desktop\u00bb border_radii=\u00bboff|||500px|500px\u00bb global_colors_info=\u00bb{}\u00bb]<\/p>\n<h1 class=\" translation-block\">ABOUT<br>US<\/h1>\n<p>[\/et_pb_text][et_pb_text _builder_version=\u00bb4.27.2&#8243; _module_preset=\u00bbdefault\u00bb text_text_color=\u00bb#000000&#8243; text_font_size=\u00bb22px\u00bb text_line_height=\u00bb1.4em\u00bb text_orientation=\u00bbjustified\u00bb custom_padding=\u00bb|80px|||false|false\u00bb custom_padding_tablet=\u00bb|80px|||false|false\u00bb custom_padding_phone=\u00bb|0px|||false|false\u00bb custom_padding_last_edited=\u00bbon|phone\u00bb hover_enabled=\u00bb0&#8243; text_font_size_tablet=\u00bb29px\u00bb text_font_size_phone=\u00bb18px\u00bb text_font_size_last_edited=\u00bbon|phone\u00bb global_colors_info=\u00bb{}\u00bb sticky_enabled=\u00bb0&#8243;]<\/p>\n<p>We are a 100% Mexican company founded in 2010 dedicated to the production and commercialization of distilled products mainly from agave, made with high quality standards and focused on the satisfaction of our customers, with our own brands such as \u201cLa Cuerda\u201d, \u201cNegro Mate\u201d, \u201cEl Barbaj\u00e1n\u201d and \u201cHikuri\u201d.<\/p>\n<p>&nbsp;<\/p>\n<p>[\/et_pb_text][\/et_pb_column][\/et_pb_row][\/et_pb_section]<\/p>","protected":false},"excerpt":{"rendered":"<p>ACERCA DENOSOTROSSomos una empresa 100% mexicana fundada en el 2010 dedicada a la producci\u00f3n y comercializaci\u00f3n de productos destilados principalmente de agave, elaborados con altos est\u00e1ndares de calidad y enfocados a la satisfacci\u00f3n de nuestros clientes, con marcas propias como \u201cLa Cuerda\u201d, \u201cNegro Mate\u201d, \u201cEl Barbaj\u00e1n\u201d y \u201cHikuri\u201d . &nbsp;<\/p>","protected":false},"author":1,"featured_media":0,"parent":0,"menu_order":0,"comment_status":"closed","ping_status":"closed","template":"","meta":{"_et_pb_use_builder":"on","_et_pb_old_content":"","_et_gb_content_width":"","_monsterinsights_skip_tracking":false,"_monsterinsights_sitenote_active":false,"_monsterinsights_sitenote_note":"","_monsterinsights_sitenote_category":0,"_joinchat":[],"footnotes":""},"class_list":["post-538","page","type-page","status-publish","hentry"],"yoast_head":"<!-- This site is optimized with the Yoast SEO plugin v23.8 - https:\/\/yoast.com\/wordpress\/plugins\/seo\/ -->\n<title>Acerca de nosotros - COMERCIALIZADORA FELIX HUATO<\/title>\n<meta name=\"robots\" content=\"index, follow, max-snippet:-1, max-image-preview:large, max-video-preview:-1\" \/>\n<link rel=\"canonical\" href=\"https:\/\/cfh.com.mx\/en\/acerca-de-nosotros\/\" \/>\n<meta property=\"og:locale\" content=\"en_US\" \/>\n<meta property=\"og:type\" content=\"article\" \/>\n<meta property=\"og:title\" content=\"Acerca de nosotros - COMERCIALIZADORA FELIX HUATO\" \/>\n<meta property=\"og:description\" content=\"ACERCA DENOSOTROSSomos una empresa 100% mexicana fundada en el 2010 dedicada a la producci\u00f3n y comercializaci\u00f3n de productos destilados principalmente de agave, elaborados con altos est\u00e1ndares de calidad y enfocados a la satisfacci\u00f3n de nuestros clientes, con marcas propias como \u201cLa Cuerda\u201d, \u201cNegro Mate\u201d, \u201cEl Barbaj\u00e1n\u201d y \u201cHikuri\u201d . &nbsp;\" \/>\n<meta property=\"og:url\" content=\"https:\/\/cfh.com.mx\/en\/acerca-de-nosotros\/\" \/>\n<meta property=\"og:site_name\" content=\"COMERCIALIZADORA FELIX HUATO\" \/>\n<meta property=\"article:modified_time\" content=\"2024-11-09T17:03:59+00:00\" \/>\n<meta name=\"twitter:card\" content=\"summary_large_image\" \/>\n<script type=\"application\/ld+json\" class=\"yoast-schema-graph\">{\"@context\":\"https:\/\/schema.org\",\"@graph\":[{\"@type\":\"WebPage\",\"@id\":\"https:\/\/cfh.com.mx\/acerca-de-nosotros\/\",\"url\":\"https:\/\/cfh.com.mx\/acerca-de-nosotros\/\",\"name\":\"Acerca de nosotros - COMERCIALIZADORA FELIX HUATO\",\"isPartOf\":{\"@id\":\"https:\/\/cfh.com.mx\/en\/#website\"},\"datePublished\":\"2024-11-08T19:58:47+00:00\",\"dateModified\":\"2024-11-09T17:03:59+00:00\",\"breadcrumb\":{\"@id\":\"https:\/\/cfh.com.mx\/acerca-de-nosotros\/#breadcrumb\"},\"inLanguage\":\"en-US\",\"potentialAction\":[{\"@type\":\"ReadAction\",\"target\":[\"https:\/\/cfh.com.mx\/acerca-de-nosotros\/\"]}]},{\"@type\":\"BreadcrumbList\",\"@id\":\"https:\/\/cfh.com.mx\/acerca-de-nosotros\/#breadcrumb\",\"itemListElement\":[{\"@type\":\"ListItem\",\"position\":1,\"name\":\"Portada\",\"item\":\"https:\/\/cfh.com.mx\/\"},{\"@type\":\"ListItem\",\"position\":2,\"name\":\"Acerca de nosotros\"}]},{\"@type\":\"WebSite\",\"@id\":\"https:\/\/cfh.com.mx\/en\/#website\",\"url\":\"https:\/\/cfh.com.mx\/en\/\",\"name\":\"COMERCIALIZADORA FELIX HUATO\",\"description\":\"CFH - Comercializadora\",\"publisher\":{\"@id\":\"https:\/\/cfh.com.mx\/en\/#organization\"},\"potentialAction\":[{\"@type\":\"SearchAction\",\"target\":{\"@type\":\"EntryPoint\",\"urlTemplate\":\"https:\/\/cfh.com.mx\/en\/?s={search_term_string}\"},\"query-input\":{\"@type\":\"PropertyValueSpecification\",\"valueRequired\":true,\"valueName\":\"search_term_string\"}}],\"inLanguage\":\"en-US\"},{\"@type\":\"Organization\",\"@id\":\"https:\/\/cfh.com.mx\/en\/#organization\",\"name\":\"COMERCIALIZADORA FELIX HUATO\",\"url\":\"https:\/\/cfh.com.mx\/en\/\",\"logo\":{\"@type\":\"ImageObject\",\"inLanguage\":\"en-US\",\"@id\":\"https:\/\/cfh.com.mx\/en\/#\/schema\/logo\/image\/\",\"url\":\"https:\/\/cfh.com.mx\/wp-content\/uploads\/2024\/10\/comercializadora-felix-huato.png\",\"contentUrl\":\"https:\/\/cfh.com.mx\/wp-content\/uploads\/2024\/10\/comercializadora-felix-huato.png\",\"width\":163,\"height\":125,\"caption\":\"COMERCIALIZADORA FELIX HUATO\"},\"image\":{\"@id\":\"https:\/\/cfh.com.mx\/en\/#\/schema\/logo\/image\/\"}}]}<\/script>\n<!-- \/ Yoast SEO plugin. -->","yoast_head_json":{"title":"Acerca de nosotros - COMERCIALIZADORA FELIX HUATO","robots":{"index":"index","follow":"follow","max-snippet":"max-snippet:-1","max-image-preview":"max-image-preview:large","max-video-preview":"max-video-preview:-1"},"canonical":"https:\/\/cfh.com.mx\/en\/acerca-de-nosotros\/","og_locale":"en_US","og_type":"article","og_title":"Acerca de nosotros - COMERCIALIZADORA FELIX HUATO","og_description":"ACERCA DENOSOTROSSomos una empresa 100% mexicana fundada en el 2010 dedicada a la producci\u00f3n y comercializaci\u00f3n de productos destilados principalmente de agave, elaborados con altos est\u00e1ndares de calidad y enfocados a la satisfacci\u00f3n de nuestros clientes, con marcas propias como \u201cLa Cuerda\u201d, \u201cNegro Mate\u201d, \u201cEl Barbaj\u00e1n\u201d y \u201cHikuri\u201d . &nbsp;","og_url":"https:\/\/cfh.com.mx\/en\/acerca-de-nosotros\/","og_site_name":"COMERCIALIZADORA FELIX HUATO","article_modified_time":"2024-11-09T17:03:59+00:00","twitter_card":"summary_large_image","schema":{"@context":"https:\/\/schema.org","@graph":[{"@type":"WebPage","@id":"https:\/\/cfh.com.mx\/acerca-de-nosotros\/","url":"https:\/\/cfh.com.mx\/acerca-de-nosotros\/","name":"Acerca de nosotros - COMERCIALIZADORA FELIX HUATO","isPartOf":{"@id":"https:\/\/cfh.com.mx\/en\/#website"},"datePublished":"2024-11-08T19:58:47+00:00","dateModified":"2024-11-09T17:03:59+00:00","breadcrumb":{"@id":"https:\/\/cfh.com.mx\/acerca-de-nosotros\/#breadcrumb"},"inLanguage":"en-US","potentialAction":[{"@type":"ReadAction","target":["https:\/\/cfh.com.mx\/acerca-de-nosotros\/"]}]},{"@type":"BreadcrumbList","@id":"https:\/\/cfh.com.mx\/acerca-de-nosotros\/#breadcrumb","itemListElement":[{"@type":"ListItem","position":1,"name":"Portada","item":"https:\/\/cfh.com.mx\/"},{"@type":"ListItem","position":2,"name":"Acerca de nosotros"}]},{"@type":"WebSite","@id":"https:\/\/cfh.com.mx\/en\/#website","url":"https:\/\/cfh.com.mx\/en\/","name":"COMERCIALIZADORA FELIX HUATO","description":"CFH - Comercializadora","publisher":{"@id":"https:\/\/cfh.com.mx\/en\/#organization"},"potentialAction":[{"@type":"SearchAction","target":{"@type":"EntryPoint","urlTemplate":"https:\/\/cfh.com.mx\/en\/?s={search_term_string}"},"query-input":{"@type":"PropertyValueSpecification","valueRequired":true,"valueName":"search_term_string"}}],"inLanguage":"en-US"},{"@type":"Organization","@id":"https:\/\/cfh.com.mx\/en\/#organization","name":"COMERCIALIZADORA FELIX HUATO","url":"https:\/\/cfh.com.mx\/en\/","logo":{"@type":"ImageObject","inLanguage":"en-US","@id":"https:\/\/cfh.com.mx\/en\/#\/schema\/logo\/image\/","url":"https:\/\/cfh.com.mx\/wp-content\/uploads\/2024\/10\/comercializadora-felix-huato.png","contentUrl":"https:\/\/cfh.com.mx\/wp-content\/uploads\/2024\/10\/comercializadora-felix-huato.png","width":163,"height":125,"caption":"COMERCIALIZADORA FELIX HUATO"},"image":{"@id":"https:\/\/cfh.com.mx\/en\/#\/schema\/logo\/image\/"}}]}},"_links":{"self":[{"href":"https:\/\/cfh.com.mx\/en\/wp-json\/wp\/v2\/pages\/538","targetHints":{"allow":["GET"]}}],"collection":[{"href":"https:\/\/cfh.com.mx\/en\/wp-json\/wp\/v2\/pages"}],"about":[{"href":"https:\/\/cfh.com.mx\/en\/wp-json\/wp\/v2\/types\/page"}],"author":[{"embeddable":true,"href":"https:\/\/cfh.com.mx\/en\/wp-json\/wp\/v2\/users\/1"}],"replies":[{"embeddable":true,"href":"https:\/\/cfh.com.mx\/en\/wp-json\/wp\/v2\/comments?post=538"}],"version-history":[{"count":7,"href":"https:\/\/cfh.com.mx\/en\/wp-json\/wp\/v2\/pages\/538\/revisions"}],"predecessor-version":[{"id":573,"href":"https:\/\/cfh.com.mx\/en\/wp-json\/wp\/v2\/pages\/538\/revisions\/573"}],"wp:attachment":[{"href":"https:\/\/cfh.com.mx\/en\/wp-json\/wp\/v2\/media?parent=538"}],"curies":[{"name":"wp","href":"https:\/\/api.w.org\/{rel}","templated":true}]}}