{"id":175,"date":"2024-10-24T17:32:00","date_gmt":"2024-10-24T17:32:00","guid":{"rendered":"https:\/\/cfh.com.mx\/?page_id=175"},"modified":"2024-11-08T20:41:10","modified_gmt":"2024-11-08T20:41:10","slug":"tequila-reposado-100-agave","status":"publish","type":"page","link":"https:\/\/cfh.com.mx\/en\/tequila-reposado-100-agave\/","title":{"rendered":"TEQUILA REPOSADO 100% AGAVE"},"content":{"rendered":"<p>[et_pb_section fb_built=\u00bb1&#8243; custom_padding_last_edited=\u00bbon|phone\u00bb _builder_version=\u00bb4.27.2&#8243; _module_preset=\u00bbdefault\u00bb background_color=\u00bb#2c3e36&#8243; background_enable_image=\u00bboff\u00bb background_size=\u00bbcustom\u00bb background_image_width=\u00bb34%\u00bb background_position=\u00bbbottom_right\u00bb custom_padding=\u00bb||||false|false\u00bb custom_padding_tablet=\u00bb||250px||false|false\u00bb custom_padding_phone=\u00bb||0px||false|false\u00bb background_last_edited=\u00bbon|desktop\u00bb background_enable_image_tablet=\u00bboff\u00bb background_enable_image_phone=\u00bboff\u00bb background_size_phone=\u00bbcontain\u00bb background_position_phone=\u00bbcenter\u00bb background_blend_phone=\u00bbnormal\u00bb global_colors_info=\u00bb{}\u00bb][et_pb_row use_custom_gutter=\u00bbon\u00bb gutter_width=\u00bb1&#8243; _builder_version=\u00bb4.27.2&#8243; _module_preset=\u00bbdefault\u00bb module_alignment_tablet=\u00bbleft\u00bb module_alignment_phone=\u00bbcenter\u00bb module_alignment_last_edited=\u00bboff|desktop\u00bb global_colors_info=\u00bb{}\u00bb][et_pb_column type=\u00bb4_4&#8243; _builder_version=\u00bb4.27.2&#8243; _module_preset=\u00bbdefault\u00bb global_colors_info=\u00bb{}\u00bb][et_pb_text _builder_version=\u00bb4.27.2&#8243; _module_preset=\u00bbdefault\u00bb text_text_color=\u00bb#000000&#8243; text_font_size=\u00bb29px\u00bb text_line_height=\u00bb1em\u00bb header_font=\u00bb|700||on|||||\u00bb header_text_align=\u00bbcenter\u00bb header_text_color=\u00bb#f1eae7&#8243; header_font_size=\u00bb44px\u00bb custom_padding_last_edited=\u00bboff|tablet\u00bb hover_enabled=\u00bb0&#8243; header_font_size_tablet=\u00bb62px\u00bb header_font_size_phone=\u00bb32px\u00bb header_font_size_last_edited=\u00bbon|desktop\u00bb global_colors_info=\u00bb{}\u00bb sticky_enabled=\u00bb0&#8243;]<\/p>\n<h1>TEQUILA REPOSADO 100% AGAVE<\/h1>\n<p>[\/et_pb_text][et_pb_text _builder_version=\u00bb4.27.2&#8243; _module_preset=\u00bbdefault\u00bb text_font=\u00bb|||on|||||\u00bb text_text_color=\u00bb#f1eae7&#8243; text_font_size=\u00bb25px\u00bb text_line_height=\u00bb1.4em\u00bb text_orientation=\u00bbjustified\u00bb custom_margin=\u00bb20px||||false|false\u00bb custom_padding=\u00bb||||false|false\u00bb custom_padding_tablet=\u00bb|||80px|false|false\u00bb custom_padding_phone=\u00bb|||0px|false|false\u00bb custom_padding_last_edited=\u00bboff|desktop\u00bb hover_enabled=\u00bb0&#8243; text_font_size_tablet=\u00bb29px\u00bb text_font_size_phone=\u00bb15px\u00bb text_font_size_last_edited=\u00bbon|phone\u00bb global_colors_info=\u00bb{}\u00bb sticky_enabled=\u00bb0&#8243;]<\/p>\n<p>Tequila reposado 100% agave. Tequilana Weber variety, 5 to 6 years old, grown in the designation of origin area, fermented and double distilled and rested with a maturation of 7-8 months in white oak barrels.<\/p>\n<p>&nbsp;<\/p>\n<p>[\/et_pb_text][et_pb_button button_url=\u00bb@ET-DC@eyJkeW5hbWljIjp0cnVlLCJjb250ZW50IjoicG9zdF9saW5rX3VybF9wYWdlIiwic2V0dGluZ3MiOnsicG9zdF9pZCI6IjIxOCJ9fQ==@\u00bb button_text=\u00bbFicha t\u00e9cnica\u00bb button_alignment_tablet=\u00bb\u00bb button_alignment_phone=\u00bbcenter\u00bb button_alignment_last_edited=\u00bbon|phone\u00bb _builder_version=\u00bb4.27.2&#8243; _dynamic_attributes=\u00bbbutton_url\u00bb _module_preset=\u00bbdefault\u00bb custom_button=\u00bbon\u00bb button_text_color=\u00bb#f1eae7&#8243; button_border_radius=\u00bb30px\u00bb button_font=\u00bb|||on|||||\u00bb custom_margin=\u00bb||||false|false\u00bb custom_margin_tablet=\u00bb|||80px|false|false\u00bb custom_margin_phone=\u00bb|||0px|false|false\u00bb custom_margin_last_edited=\u00bboff|desktop\u00bb custom_padding=\u00bb||||false|false\u00bb custom_padding_tablet=\u00bb||||false|false\u00bb custom_padding_phone=\u00bb||||false|false\u00bb custom_padding_last_edited=\u00bboff|desktop\u00bb global_colors_info=\u00bb{}\u00bb][\/et_pb_button][\/et_pb_column][\/et_pb_row][\/et_pb_section]<\/p>","protected":false},"excerpt":{"rendered":"<p>TEQUILA REPOSADO 100% AGAVETequilana Weber variedad Azul de 5-6 a\u00f1os cultivado en zona de nominaci\u00f3n de origen, fermentado y con doble destilaci\u00f3n, reposado con una maduraci\u00f3n de 7-8 meses en barricas de roble blanco. &nbsp;<\/p>","protected":false},"author":1,"featured_media":0,"parent":0,"menu_order":0,"comment_status":"closed","ping_status":"closed","template":"","meta":{"_et_pb_use_builder":"on","_et_pb_old_content":"","_et_gb_content_width":"","_monsterinsights_skip_tracking":false,"_monsterinsights_sitenote_active":false,"_monsterinsights_sitenote_note":"","_monsterinsights_sitenote_category":0,"_joinchat":[],"footnotes":""},"class_list":["post-175","page","type-page","status-publish","hentry"],"yoast_head":"<!-- This site is optimized with the Yoast SEO plugin v23.8 - https:\/\/yoast.com\/wordpress\/plugins\/seo\/ -->\n<title>TEQUILA REPOSADO 100% AGAVE - COMERCIALIZADORA FELIX HUATO<\/title>\n<meta name=\"robots\" content=\"index, follow, max-snippet:-1, max-image-preview:large, max-video-preview:-1\" \/>\n<link rel=\"canonical\" href=\"https:\/\/cfh.com.mx\/en\/tequila-reposado-100-agave\/\" \/>\n<meta property=\"og:locale\" content=\"en_US\" \/>\n<meta property=\"og:type\" content=\"article\" \/>\n<meta property=\"og:title\" content=\"TEQUILA REPOSADO 100% AGAVE - COMERCIALIZADORA FELIX HUATO\" \/>\n<meta property=\"og:description\" content=\"TEQUILA REPOSADO 100% AGAVETequilana Weber variedad Azul de 5-6 a\u00f1os cultivado en zona de nominaci\u00f3n de origen, fermentado y con doble destilaci\u00f3n, reposado con una maduraci\u00f3n de 7-8 meses en barricas de roble blanco. &nbsp;\" \/>\n<meta property=\"og:url\" content=\"https:\/\/cfh.com.mx\/en\/tequila-reposado-100-agave\/\" \/>\n<meta property=\"og:site_name\" content=\"COMERCIALIZADORA FELIX HUATO\" \/>\n<meta property=\"article:modified_time\" content=\"2024-11-08T20:41:10+00:00\" \/>\n<meta name=\"twitter:card\" content=\"summary_large_image\" \/>\n<meta name=\"twitter:label1\" content=\"Est. reading time\" \/>\n\t<meta name=\"twitter:data1\" content=\"2 minutes\" \/>\n<script type=\"application\/ld+json\" class=\"yoast-schema-graph\">{\"@context\":\"https:\/\/schema.org\",\"@graph\":[{\"@type\":\"WebPage\",\"@id\":\"https:\/\/cfh.com.mx\/tequila-reposado-100-agave\/\",\"url\":\"https:\/\/cfh.com.mx\/tequila-reposado-100-agave\/\",\"name\":\"TEQUILA REPOSADO 100% AGAVE - COMERCIALIZADORA FELIX HUATO\",\"isPartOf\":{\"@id\":\"https:\/\/cfh.com.mx\/en\/#website\"},\"datePublished\":\"2024-10-24T17:32:00+00:00\",\"dateModified\":\"2024-11-08T20:41:10+00:00\",\"breadcrumb\":{\"@id\":\"https:\/\/cfh.com.mx\/tequila-reposado-100-agave\/#breadcrumb\"},\"inLanguage\":\"en-US\",\"potentialAction\":[{\"@type\":\"ReadAction\",\"target\":[\"https:\/\/cfh.com.mx\/tequila-reposado-100-agave\/\"]}]},{\"@type\":\"BreadcrumbList\",\"@id\":\"https:\/\/cfh.com.mx\/tequila-reposado-100-agave\/#breadcrumb\",\"itemListElement\":[{\"@type\":\"ListItem\",\"position\":1,\"name\":\"Portada\",\"item\":\"https:\/\/cfh.com.mx\/\"},{\"@type\":\"ListItem\",\"position\":2,\"name\":\"TEQUILA REPOSADO 100% AGAVE\"}]},{\"@type\":\"WebSite\",\"@id\":\"https:\/\/cfh.com.mx\/en\/#website\",\"url\":\"https:\/\/cfh.com.mx\/en\/\",\"name\":\"COMERCIALIZADORA FELIX HUATO\",\"description\":\"CFH - Comercializadora\",\"publisher\":{\"@id\":\"https:\/\/cfh.com.mx\/en\/#organization\"},\"potentialAction\":[{\"@type\":\"SearchAction\",\"target\":{\"@type\":\"EntryPoint\",\"urlTemplate\":\"https:\/\/cfh.com.mx\/en\/?s={search_term_string}\"},\"query-input\":{\"@type\":\"PropertyValueSpecification\",\"valueRequired\":true,\"valueName\":\"search_term_string\"}}],\"inLanguage\":\"en-US\"},{\"@type\":\"Organization\",\"@id\":\"https:\/\/cfh.com.mx\/en\/#organization\",\"name\":\"COMERCIALIZADORA FELIX HUATO\",\"url\":\"https:\/\/cfh.com.mx\/en\/\",\"logo\":{\"@type\":\"ImageObject\",\"inLanguage\":\"en-US\",\"@id\":\"https:\/\/cfh.com.mx\/en\/#\/schema\/logo\/image\/\",\"url\":\"https:\/\/cfh.com.mx\/wp-content\/uploads\/2024\/10\/comercializadora-felix-huato.png\",\"contentUrl\":\"https:\/\/cfh.com.mx\/wp-content\/uploads\/2024\/10\/comercializadora-felix-huato.png\",\"width\":163,\"height\":125,\"caption\":\"COMERCIALIZADORA FELIX HUATO\"},\"image\":{\"@id\":\"https:\/\/cfh.com.mx\/en\/#\/schema\/logo\/image\/\"}}]}<\/script>\n<!-- \/ Yoast SEO plugin. -->","yoast_head_json":{"title":"TEQUILA REPOSADO 100% AGAVE - COMERCIALIZADORA FELIX HUATO","robots":{"index":"index","follow":"follow","max-snippet":"max-snippet:-1","max-image-preview":"max-image-preview:large","max-video-preview":"max-video-preview:-1"},"canonical":"https:\/\/cfh.com.mx\/en\/tequila-reposado-100-agave\/","og_locale":"en_US","og_type":"article","og_title":"TEQUILA REPOSADO 100% AGAVE - COMERCIALIZADORA FELIX HUATO","og_description":"TEQUILA REPOSADO 100% AGAVETequilana Weber variedad Azul de 5-6 a\u00f1os cultivado en zona de nominaci\u00f3n de origen, fermentado y con doble destilaci\u00f3n, reposado con una maduraci\u00f3n de 7-8 meses en barricas de roble blanco. &nbsp;","og_url":"https:\/\/cfh.com.mx\/en\/tequila-reposado-100-agave\/","og_site_name":"COMERCIALIZADORA FELIX HUATO","article_modified_time":"2024-11-08T20:41:10+00:00","twitter_card":"summary_large_image","twitter_misc":{"Est. reading time":"2 minutes"},"schema":{"@context":"https:\/\/schema.org","@graph":[{"@type":"WebPage","@id":"https:\/\/cfh.com.mx\/tequila-reposado-100-agave\/","url":"https:\/\/cfh.com.mx\/tequila-reposado-100-agave\/","name":"TEQUILA REPOSADO 100% AGAVE - COMERCIALIZADORA FELIX HUATO","isPartOf":{"@id":"https:\/\/cfh.com.mx\/en\/#website"},"datePublished":"2024-10-24T17:32:00+00:00","dateModified":"2024-11-08T20:41:10+00:00","breadcrumb":{"@id":"https:\/\/cfh.com.mx\/tequila-reposado-100-agave\/#breadcrumb"},"inLanguage":"en-US","potentialAction":[{"@type":"ReadAction","target":["https:\/\/cfh.com.mx\/tequila-reposado-100-agave\/"]}]},{"@type":"BreadcrumbList","@id":"https:\/\/cfh.com.mx\/tequila-reposado-100-agave\/#breadcrumb","itemListElement":[{"@type":"ListItem","position":1,"name":"Portada","item":"https:\/\/cfh.com.mx\/"},{"@type":"ListItem","position":2,"name":"TEQUILA REPOSADO 100% AGAVE"}]},{"@type":"WebSite","@id":"https:\/\/cfh.com.mx\/en\/#website","url":"https:\/\/cfh.com.mx\/en\/","name":"COMERCIALIZADORA FELIX HUATO","description":"CFH - Comercializadora","publisher":{"@id":"https:\/\/cfh.com.mx\/en\/#organization"},"potentialAction":[{"@type":"SearchAction","target":{"@type":"EntryPoint","urlTemplate":"https:\/\/cfh.com.mx\/en\/?s={search_term_string}"},"query-input":{"@type":"PropertyValueSpecification","valueRequired":true,"valueName":"search_term_string"}}],"inLanguage":"en-US"},{"@type":"Organization","@id":"https:\/\/cfh.com.mx\/en\/#organization","name":"COMERCIALIZADORA FELIX HUATO","url":"https:\/\/cfh.com.mx\/en\/","logo":{"@type":"ImageObject","inLanguage":"en-US","@id":"https:\/\/cfh.com.mx\/en\/#\/schema\/logo\/image\/","url":"https:\/\/cfh.com.mx\/wp-content\/uploads\/2024\/10\/comercializadora-felix-huato.png","contentUrl":"https:\/\/cfh.com.mx\/wp-content\/uploads\/2024\/10\/comercializadora-felix-huato.png","width":163,"height":125,"caption":"COMERCIALIZADORA FELIX HUATO"},"image":{"@id":"https:\/\/cfh.com.mx\/en\/#\/schema\/logo\/image\/"}}]}},"_links":{"self":[{"href":"https:\/\/cfh.com.mx\/en\/wp-json\/wp\/v2\/pages\/175","targetHints":{"allow":["GET"]}}],"collection":[{"href":"https:\/\/cfh.com.mx\/en\/wp-json\/wp\/v2\/pages"}],"about":[{"href":"https:\/\/cfh.com.mx\/en\/wp-json\/wp\/v2\/types\/page"}],"author":[{"embeddable":true,"href":"https:\/\/cfh.com.mx\/en\/wp-json\/wp\/v2\/users\/1"}],"replies":[{"embeddable":true,"href":"https:\/\/cfh.com.mx\/en\/wp-json\/wp\/v2\/comments?post=175"}],"version-history":[{"count":7,"href":"https:\/\/cfh.com.mx\/en\/wp-json\/wp\/v2\/pages\/175\/revisions"}],"predecessor-version":[{"id":551,"href":"https:\/\/cfh.com.mx\/en\/wp-json\/wp\/v2\/pages\/175\/revisions\/551"}],"wp:attachment":[{"href":"https:\/\/cfh.com.mx\/en\/wp-json\/wp\/v2\/media?parent=175"}],"curies":[{"name":"wp","href":"https:\/\/api.w.org\/{rel}","templated":true}]}}